{"id":117,"date":"2025-03-11T13:36:09","date_gmt":"2025-03-11T12:36:09","guid":{"rendered":"https:\/\/bp16ugralovar.hu\/?page_id=117"},"modified":"2025-05-14T14:42:32","modified_gmt":"2025-05-14T12:42:32","slug":"buborekvilag","status":"publish","type":"page","link":"https:\/\/bp16ugralovar.hu\/?page_id=117","title":{"rendered":"Bubor\u00e9kvil\u00e1g"},"content":{"rendered":"\t\t<div data-elementor-type=\"wp-page\" data-elementor-id=\"117\" class=\"elementor elementor-117\">\n\t\t\t\t<div class=\"elementor-element elementor-element-7bc65aa e-flex e-con-boxed e-con e-parent\" data-id=\"7bc65aa\" data-element_type=\"container\" data-e-type=\"container\">\n\t\t\t\t\t<div class=\"e-con-inner\">\n\t\t\t\t<div class=\"elementor-element elementor-element-fecc943 elementor-widget elementor-widget-image\" data-id=\"fecc943\" data-element_type=\"widget\" data-e-type=\"widget\" data-widget_type=\"image.default\">\n\t\t\t\t<div class=\"elementor-widget-container\">\n\t\t\t\t\t\t\t\t\t\t\t\t\t\t\t\t<a href=\"https:\/\/bp16ugralovar.hu\/wp-admin\/post.php?post=117&#038;action=elementor\">\n\t\t\t\t\t\t\t<img fetchpriority=\"high\" decoding=\"async\" width=\"1024\" height=\"768\" src=\"https:\/\/bp16ugralovar.hu\/wp-content\/uploads\/2025\/03\/Buborekvilag-legvar_3-1024x768.jpg\" class=\"attachment-large size-large wp-image-71\" alt=\"\" srcset=\"https:\/\/bp16ugralovar.hu\/wp-content\/uploads\/2025\/03\/Buborekvilag-legvar_3-1024x768.jpg 1024w, https:\/\/bp16ugralovar.hu\/wp-content\/uploads\/2025\/03\/Buborekvilag-legvar_3-300x225.jpg 300w, https:\/\/bp16ugralovar.hu\/wp-content\/uploads\/2025\/03\/Buborekvilag-legvar_3-768x576.jpg 768w, https:\/\/bp16ugralovar.hu\/wp-content\/uploads\/2025\/03\/Buborekvilag-legvar_3-1536x1152.jpg 1536w, https:\/\/bp16ugralovar.hu\/wp-content\/uploads\/2025\/03\/elementor\/thumbs\/Buborekvilag-legvar_3-r2p50f6kqzrzv5bt79w7dxf1zgmwm0xk9iw3ko0nnc.jpg 400w, https:\/\/bp16ugralovar.hu\/wp-content\/uploads\/2025\/03\/Buborekvilag-legvar_3.jpg 2000w\" sizes=\"(max-width: 1024px) 100vw, 1024px\" \/>\t\t\t\t\t\t\t\t<\/a>\n\t\t\t\t\t\t\t\t\t\t\t\t\t\t\t<\/div>\n\t\t\t\t<\/div>\n\t\t\t\t\t<\/div>\n\t\t\t\t<\/div>\n\t\t<div class=\"elementor-element elementor-element-1ad2438 e-flex e-con-boxed e-con e-parent\" data-id=\"1ad2438\" data-element_type=\"container\" data-e-type=\"container\">\n\t\t\t\t\t<div class=\"e-con-inner\">\n\t\t\t\t<div class=\"elementor-element elementor-element-e49803f elementor-widget elementor-widget-image-gallery\" data-id=\"e49803f\" data-element_type=\"widget\" data-e-type=\"widget\" data-widget_type=\"image-gallery.default\">\n\t\t\t\t<div class=\"elementor-widget-container\">\n\t\t\t\t\t\t\t<div class=\"elementor-image-gallery\">\n\t\t\t<div id='gallery-1' class='gallery galleryid-117 gallery-columns-5 gallery-size-thumbnail'><figure class='gallery-item'>\n\t\t\t<div class='gallery-icon portrait'>\n\t\t\t\t<a data-elementor-open-lightbox=\"yes\" data-elementor-lightbox-slideshow=\"e49803f\" data-elementor-lightbox-title=\"Buborek-1\" data-e-action-hash=\"#elementor-action%3Aaction%3Dlightbox%26settings%3DeyJpZCI6MTQ0LCJ1cmwiOiJodHRwczpcL1wvYnAxNnVncmFsb3Zhci5odVwvd3AtY29udGVudFwvdXBsb2Fkc1wvMjAyNVwvMDNcL0J1Ym9yZWstMS5qcGciLCJzbGlkZXNob3ciOiJlNDk4MDNmIn0%3D\" href='https:\/\/bp16ugralovar.hu\/wp-content\/uploads\/2025\/03\/Buborek-1.jpg'><img decoding=\"async\" width=\"150\" height=\"150\" src=\"https:\/\/bp16ugralovar.hu\/wp-content\/uploads\/2025\/03\/Buborek-1-150x150.jpg\" class=\"attachment-thumbnail size-thumbnail\" alt=\"\" srcset=\"https:\/\/bp16ugralovar.hu\/wp-content\/uploads\/2025\/03\/Buborek-1-150x150.jpg 150w, https:\/\/bp16ugralovar.hu\/wp-content\/uploads\/2025\/03\/Buborek-1-298x300.jpg 298w, https:\/\/bp16ugralovar.hu\/wp-content\/uploads\/2025\/03\/Buborek-1.jpg 627w\" sizes=\"(max-width: 150px) 100vw, 150px\" \/><\/a>\n\t\t\t<\/div><\/figure><figure class='gallery-item'>\n\t\t\t<div class='gallery-icon landscape'>\n\t\t\t\t<a data-elementor-open-lightbox=\"yes\" data-elementor-lightbox-slideshow=\"e49803f\" data-elementor-lightbox-title=\"Buborek-3\" data-e-action-hash=\"#elementor-action%3Aaction%3Dlightbox%26settings%3DeyJpZCI6MTQ2LCJ1cmwiOiJodHRwczpcL1wvYnAxNnVncmFsb3Zhci5odVwvd3AtY29udGVudFwvdXBsb2Fkc1wvMjAyNVwvMDNcL0J1Ym9yZWstMy5qcGciLCJzbGlkZXNob3ciOiJlNDk4MDNmIn0%3D\" href='https:\/\/bp16ugralovar.hu\/wp-content\/uploads\/2025\/03\/Buborek-3.jpg'><img decoding=\"async\" width=\"150\" height=\"150\" src=\"https:\/\/bp16ugralovar.hu\/wp-content\/uploads\/2025\/03\/Buborek-3-150x150.jpg\" class=\"attachment-thumbnail size-thumbnail\" alt=\"\" \/><\/a>\n\t\t\t<\/div><\/figure><figure class='gallery-item'>\n\t\t\t<div class='gallery-icon landscape'>\n\t\t\t\t<a data-elementor-open-lightbox=\"yes\" data-elementor-lightbox-slideshow=\"e49803f\" data-elementor-lightbox-title=\"Buborek-4\" data-e-action-hash=\"#elementor-action%3Aaction%3Dlightbox%26settings%3DeyJpZCI6MTQ3LCJ1cmwiOiJodHRwczpcL1wvYnAxNnVncmFsb3Zhci5odVwvd3AtY29udGVudFwvdXBsb2Fkc1wvMjAyNVwvMDNcL0J1Ym9yZWstNC5qcGciLCJzbGlkZXNob3ciOiJlNDk4MDNmIn0%3D\" href='https:\/\/bp16ugralovar.hu\/wp-content\/uploads\/2025\/03\/Buborek-4.jpg'><img loading=\"lazy\" decoding=\"async\" width=\"150\" height=\"150\" src=\"https:\/\/bp16ugralovar.hu\/wp-content\/uploads\/2025\/03\/Buborek-4-150x150.jpg\" class=\"attachment-thumbnail size-thumbnail\" alt=\"\" \/><\/a>\n\t\t\t<\/div><\/figure><figure class='gallery-item'>\n\t\t\t<div class='gallery-icon landscape'>\n\t\t\t\t<a data-elementor-open-lightbox=\"yes\" data-elementor-lightbox-slideshow=\"e49803f\" data-elementor-lightbox-title=\"Buborek-5\" data-e-action-hash=\"#elementor-action%3Aaction%3Dlightbox%26settings%3DeyJpZCI6MTQ4LCJ1cmwiOiJodHRwczpcL1wvYnAxNnVncmFsb3Zhci5odVwvd3AtY29udGVudFwvdXBsb2Fkc1wvMjAyNVwvMDNcL0J1Ym9yZWstNS5qcGciLCJzbGlkZXNob3ciOiJlNDk4MDNmIn0%3D\" href='https:\/\/bp16ugralovar.hu\/wp-content\/uploads\/2025\/03\/Buborek-5.jpg'><img loading=\"lazy\" decoding=\"async\" width=\"150\" height=\"150\" src=\"https:\/\/bp16ugralovar.hu\/wp-content\/uploads\/2025\/03\/Buborek-5-150x150.jpg\" class=\"attachment-thumbnail size-thumbnail\" alt=\"\" \/><\/a>\n\t\t\t<\/div><\/figure><figure class='gallery-item'>\n\t\t\t<div class='gallery-icon landscape'>\n\t\t\t\t<a data-elementor-open-lightbox=\"yes\" data-elementor-lightbox-slideshow=\"e49803f\" data-elementor-lightbox-title=\"Buborek-2\" data-e-action-hash=\"#elementor-action%3Aaction%3Dlightbox%26settings%3DeyJpZCI6MTQ1LCJ1cmwiOiJodHRwczpcL1wvYnAxNnVncmFsb3Zhci5odVwvd3AtY29udGVudFwvdXBsb2Fkc1wvMjAyNVwvMDNcL0J1Ym9yZWstMi5qcGciLCJzbGlkZXNob3ciOiJlNDk4MDNmIn0%3D\" href='https:\/\/bp16ugralovar.hu\/wp-content\/uploads\/2025\/03\/Buborek-2.jpg'><img loading=\"lazy\" decoding=\"async\" width=\"150\" height=\"150\" src=\"https:\/\/bp16ugralovar.hu\/wp-content\/uploads\/2025\/03\/Buborek-2-150x150.jpg\" class=\"attachment-thumbnail size-thumbnail\" alt=\"\" \/><\/a>\n\t\t\t<\/div><\/figure>\n\t\t<\/div>\n\t\t<\/div>\n\t\t\t\t\t\t<\/div>\n\t\t\t\t<\/div>\n\t\t\t\t\t<\/div>\n\t\t\t\t<\/div>\n\t\t<div class=\"elementor-element elementor-element-bcfa17f e-flex e-con-boxed e-con e-parent\" data-id=\"bcfa17f\" data-element_type=\"container\" data-e-type=\"container\">\n\t\t\t\t\t<div class=\"e-con-inner\">\n\t\t\t\t<div class=\"elementor-element elementor-element-90a0ca0 elementor-widget elementor-widget-text-editor\" data-id=\"90a0ca0\" data-element_type=\"widget\" data-e-type=\"widget\" data-widget_type=\"text-editor.default\">\n\t\t\t\t<div class=\"elementor-widget-container\">\n\t\t\t\t\t\t\t\t\t<h5>\ud83d\udcd0 M\u00e9retei: 3 x 2,8 x 1,75 m (H x Sz x M)<\/h5><p><strong>\ud83d\udc6b 3-4 szem\u00e9lyes <\/strong><strong>\u2197\ufe0f 6 \u00e9ves korig<\/strong><\/p><p>Ez a vid\u00e1m sz\u00ednekkel, bubor\u00e9kos mint\u00e1val rendelkez\u0151 l\u00e9gv\u00e1r a kicsik egyik kedvence \u2013 mind bel- mind k\u00fclt\u00e9ren kiv\u00e1l\u00f3an haszn\u00e1lhat\u00f3. A cs\u00faszda, a kos\u00e1rpal\u00e1nk \u00e9s a labdatenger extra \u00e9lm\u00e9nyt ny\u00fajtanak a gyerekeknek. Unalmas, es\u0151s \u00e9s hideg napokon ak\u00e1r a szob\u00e1ban is fel\u00e1ll\u00edthat\u00f3.<\/p><p><strong>A csomag s\u00falya:<\/strong> 16 kg, szem\u00e9lyaut\u00f3ban sz\u00e1ll\u00edthat\u00f3.<\/p><p><strong>Sz\u00e1ll\u00edt\u00e1si csomag m\u00e9retei<\/strong>: 67 x 32 x 37 cm (H x Sz x M)<\/p><ul><li><strong>Anyaga<\/strong>: dupl\u00e1n lamin\u00e1lt PVC<\/li><\/ul><p><strong>\u23f1 Az \u00f6sszeszerel\u00e9si id\u0151: kb. 4 \u2013 5 perc<\/strong><\/p><p><strong> \u00a0<\/strong>\u00d6sszeszerel\u00e9shez sz\u00fcks\u00e9ges szem\u00e9lyek sz\u00e1ma: 1 f\u0151<\/p>\t\t\t\t\t\t\t\t<\/div>\n\t\t\t\t<\/div>\n\t\t<div class=\"elementor-element elementor-element-015e16b e-con-full e-flex e-con e-child\" data-id=\"015e16b\" data-element_type=\"container\" data-e-type=\"container\">\n\t\t<div class=\"elementor-element elementor-element-20c0871 e-con-full e-flex e-con e-child\" data-id=\"20c0871\" data-element_type=\"container\" data-e-type=\"container\">\n\t\t\t\t<div class=\"elementor-element elementor-element-84d989a elementor-widget elementor-widget-text-editor\" data-id=\"84d989a\" data-element_type=\"widget\" data-e-type=\"widget\" data-widget_type=\"text-editor.default\">\n\t\t\t\t<div class=\"elementor-widget-container\">\n\t\t\t\t\t\t\t\t\t<h3 style=\"text-align: center;\">B\u00e9rl\u00e9si \u00e1rak<\/h3><p style=\"text-align: center;\">H\u00e9tk\u00f6znap: 12 000 Ft\/nap<\/p><p style=\"text-align: center;\">H\u00e9tv\u00e9ge: 15 000 Ft\/nap<\/p><p style=\"text-align: center;\">Teljes h\u00e9tv\u00e9ge: 24 000 Ft<\/p>\t\t\t\t\t\t\t\t<\/div>\n\t\t\t\t<\/div>\n\t\t\t\t<\/div>\n\t\t<div class=\"elementor-element elementor-element-d0d3d01 e-con-full e-flex e-con e-child\" data-id=\"d0d3d01\" data-element_type=\"container\" data-e-type=\"container\">\n\t\t\t\t<div class=\"elementor-element elementor-element-dc0f331 elementor-widget elementor-widget-text-editor\" data-id=\"dc0f331\" data-element_type=\"widget\" data-e-type=\"widget\" data-widget_type=\"text-editor.default\">\n\t\t\t\t<div class=\"elementor-widget-container\">\n\t\t\t\t\t\t\t\t\t<div class=\"layout__region section-twocol__second\"><div class=\"paragraph paragraph--type--from-library paragraph--view-mode--default\"><div class=\"paragraph default-box-element paragraph-type__default-box-element\"><div class=\"default-box-element__container\"><h3 style=\"text-align: center;\">H\u00e1zhoz sz\u00e1ll\u00edt\u00e1s<\/h3><p style=\"text-align: center;\">Ha szeretn\u00e9tek, h\u00e1zhoz sz\u00e1ll\u00edtjuk, fel\u00e1ll\u00edtjuk, majd a buli v\u00e9g\u00e9n \u00f6sszecsomagoljuk \u00e9s elsz\u00e1ll\u00edtjuk a b\u00e9rbe adott kell\u00e9keinket, hogy nektek ezzel se kelljen foglalkoznotok.<\/p><p style=\"text-align: center;\"><strong>Kisz\u00e1ll\u00edt\u00e1si \u00e1rat pontos c\u00edm alapj\u00e1n adunk!<\/strong><\/p><\/div><\/div><\/div><\/div>\t\t\t\t\t\t\t\t<\/div>\n\t\t\t\t<\/div>\n\t\t\t\t<\/div>\n\t\t\t\t<\/div>\n\t\t<div class=\"elementor-element elementor-element-6cd322f e-con-full e-flex e-con e-child\" data-id=\"6cd322f\" data-element_type=\"container\" data-e-type=\"container\">\n\t\t\t\t<div class=\"elementor-element elementor-element-23b2d20 elementor-widget elementor-widget-text-editor\" data-id=\"23b2d20\" data-element_type=\"widget\" data-e-type=\"widget\" data-widget_type=\"text-editor.default\">\n\t\t\t\t<div class=\"elementor-widget-container\">\n\t\t\t\t\t\t\t\t\t<h4 style=\"text-align: center;\">Tov\u00e1bbi el\u00e9rhet\u0151 l\u00e9gv\u00e1raink<\/h4>\t\t\t\t\t\t\t\t<\/div>\n\t\t\t\t<\/div>\n\t\t\t\t<\/div>\n\t\t\t\t\t<\/div>\n\t\t\t\t<\/div>\n\t\t<div class=\"elementor-element elementor-element-56b80e6 e-flex e-con-boxed e-con e-parent\" data-id=\"56b80e6\" data-element_type=\"container\" data-e-type=\"container\">\n\t\t\t\t\t<div class=\"e-con-inner\">\n\t\t<div class=\"elementor-element elementor-element-d9bcf0c e-con-full e-flex e-con e-child\" data-id=\"d9bcf0c\" data-element_type=\"container\" data-e-type=\"container\">\n\t\t\t\t<div class=\"elementor-element elementor-element-79a2df6 elementor-widget elementor-widget-image\" data-id=\"79a2df6\" data-element_type=\"widget\" data-e-type=\"widget\" data-widget_type=\"image.default\">\n\t\t\t\t<div class=\"elementor-widget-container\">\n\t\t\t\t\t\t\t\t\t\t\t\t\t\t\t<img decoding=\"async\" src=\"https:\/\/bp16ugralovar.hu\/wp-content\/uploads\/elementor\/thumbs\/20250411_121403-r4o81egwi3xhvcnk0sygyidid0c26ipu9ua9npe3so.jpg\" title=\"20250411_121403\" alt=\"20250411_121403\" loading=\"lazy\" \/>\t\t\t\t\t\t\t\t\t\t\t\t\t\t\t<\/div>\n\t\t\t\t<\/div>\n\t\t\t\t<div class=\"elementor-element elementor-element-ff2c76f elementor-button-info elementor-align-center elementor-widget elementor-widget-button\" data-id=\"ff2c76f\" data-element_type=\"widget\" data-e-type=\"widget\" data-widget_type=\"button.default\">\n\t\t\t\t<div class=\"elementor-widget-container\">\n\t\t\t\t\t\t\t\t\t<div class=\"elementor-button-wrapper\">\n\t\t\t\t\t<a class=\"elementor-button elementor-button-link elementor-size-sm\" href=\"https:\/\/bp16ugralovar.hu\/?page_id=133\">\n\t\t\t\t\t\t<span class=\"elementor-button-content-wrapper\">\n\t\t\t\t\t\t\t\t\t<span class=\"elementor-button-text\">R\u00e9szletek<\/span>\n\t\t\t\t\t<\/span>\n\t\t\t\t\t<\/a>\n\t\t\t\t<\/div>\n\t\t\t\t\t\t\t\t<\/div>\n\t\t\t\t<\/div>\n\t\t\t\t<\/div>\n\t\t<div class=\"elementor-element elementor-element-717f3d8 e-con-full e-flex e-con e-child\" data-id=\"717f3d8\" data-element_type=\"container\" data-e-type=\"container\">\n\t\t\t\t<div class=\"elementor-element elementor-element-35da7a1 elementor-widget elementor-widget-image\" data-id=\"35da7a1\" data-element_type=\"widget\" data-e-type=\"widget\" data-widget_type=\"image.default\">\n\t\t\t\t<div class=\"elementor-widget-container\">\n\t\t\t\t\t\t\t\t\t\t\t\t\t\t\t<img decoding=\"async\" src=\"https:\/\/bp16ugralovar.hu\/wp-content\/uploads\/elementor\/thumbs\/20250411_123409-r4okzgs16txqivo4j9h29wfdwv5wrqykcn7e0ucqm0.jpg\" title=\"20250411_123409\" alt=\"20250411_123409\" loading=\"lazy\" \/>\t\t\t\t\t\t\t\t\t\t\t\t\t\t\t<\/div>\n\t\t\t\t<\/div>\n\t\t\t\t<div class=\"elementor-element elementor-element-a6555f0 elementor-button-info elementor-align-center elementor-widget elementor-widget-button\" data-id=\"a6555f0\" data-element_type=\"widget\" data-e-type=\"widget\" data-widget_type=\"button.default\">\n\t\t\t\t<div class=\"elementor-widget-container\">\n\t\t\t\t\t\t\t\t\t<div class=\"elementor-button-wrapper\">\n\t\t\t\t\t<a class=\"elementor-button elementor-button-link elementor-size-sm\" href=\"https:\/\/bp16ugralovar.hu\/?page_id=135\">\n\t\t\t\t\t\t<span class=\"elementor-button-content-wrapper\">\n\t\t\t\t\t\t\t\t\t<span class=\"elementor-button-text\">R\u00e9szletek<\/span>\n\t\t\t\t\t<\/span>\n\t\t\t\t\t<\/a>\n\t\t\t\t<\/div>\n\t\t\t\t\t\t\t\t<\/div>\n\t\t\t\t<\/div>\n\t\t\t\t<\/div>\n\t\t\t\t\t<\/div>\n\t\t\t\t<\/div>\n\t\t\t\t<\/div>\n\t\t","protected":false},"excerpt":{"rendered":"<p>\ud83d\udcd0 M\u00e9retei: 3 x 2,8 x 1,75 m (H x Sz x M) \ud83d\udc6b 3-4 szem\u00e9lyes \u2197\ufe0f 6 \u00e9ves korig Ez a vid\u00e1m sz\u00ednekkel, bubor\u00e9kos mint\u00e1val rendelkez\u0151 l\u00e9gv\u00e1r a kicsik egyik kedvence \u2013 mind bel- mind k\u00fclt\u00e9ren kiv\u00e1l\u00f3an haszn\u00e1lhat\u00f3. A cs\u00faszda, a kos\u00e1rpal\u00e1nk \u00e9s a labdatenger extra \u00e9lm\u00e9nyt ny\u00fajtanak a gyerekeknek. Unalmas, es\u0151s \u00e9s hideg [&hellip;]<\/p>\n","protected":false},"author":1,"featured_media":0,"parent":0,"menu_order":0,"comment_status":"closed","ping_status":"closed","template":"","meta":{"footnotes":""},"class_list":["post-117","page","type-page","status-publish","hentry"],"_links":{"self":[{"href":"https:\/\/bp16ugralovar.hu\/index.php?rest_route=\/wp\/v2\/pages\/117","targetHints":{"allow":["GET"]}}],"collection":[{"href":"https:\/\/bp16ugralovar.hu\/index.php?rest_route=\/wp\/v2\/pages"}],"about":[{"href":"https:\/\/bp16ugralovar.hu\/index.php?rest_route=\/wp\/v2\/types\/page"}],"author":[{"embeddable":true,"href":"https:\/\/bp16ugralovar.hu\/index.php?rest_route=\/wp\/v2\/users\/1"}],"replies":[{"embeddable":true,"href":"https:\/\/bp16ugralovar.hu\/index.php?rest_route=%2Fwp%2Fv2%2Fcomments&post=117"}],"version-history":[{"count":29,"href":"https:\/\/bp16ugralovar.hu\/index.php?rest_route=\/wp\/v2\/pages\/117\/revisions"}],"predecessor-version":[{"id":286,"href":"https:\/\/bp16ugralovar.hu\/index.php?rest_route=\/wp\/v2\/pages\/117\/revisions\/286"}],"wp:attachment":[{"href":"https:\/\/bp16ugralovar.hu\/index.php?rest_route=%2Fwp%2Fv2%2Fmedia&parent=117"}],"curies":[{"name":"wp","href":"https:\/\/api.w.org\/{rel}","templated":true}]}}