{"id":135,"date":"2025-03-11T20:53:08","date_gmt":"2025-03-11T19:53:08","guid":{"rendered":"https:\/\/bp16ugralovar.hu\/?page_id=135"},"modified":"2025-05-14T14:41:48","modified_gmt":"2025-05-14T12:41:48","slug":"lovagvaras","status":"publish","type":"page","link":"https:\/\/bp16ugralovar.hu\/?page_id=135","title":{"rendered":"Lovagv\u00e1ras L\u00e9gv\u00e1r"},"content":{"rendered":"\t\t<div data-elementor-type=\"wp-page\" data-elementor-id=\"135\" class=\"elementor elementor-135\">\n\t\t\t\t<div class=\"elementor-element elementor-element-1d1784e e-flex e-con-boxed e-con e-parent\" data-id=\"1d1784e\" data-element_type=\"container\" data-e-type=\"container\">\n\t\t\t\t\t<div class=\"e-con-inner\">\n\t\t\t\t<div class=\"elementor-element elementor-element-d257a6f elementor-widget elementor-widget-image\" data-id=\"d257a6f\" data-element_type=\"widget\" data-e-type=\"widget\" data-widget_type=\"image.default\">\n\t\t\t\t<div class=\"elementor-widget-container\">\n\t\t\t\t\t\t\t\t\t\t\t\t\t\t\t<img fetchpriority=\"high\" decoding=\"async\" width=\"1024\" height=\"768\" src=\"https:\/\/bp16ugralovar.hu\/wp-content\/uploads\/2025\/04\/20250411_123409-1024x768.jpg\" class=\"attachment-large size-large wp-image-213\" alt=\"\" srcset=\"https:\/\/bp16ugralovar.hu\/wp-content\/uploads\/2025\/04\/20250411_123409-1024x768.jpg 1024w, https:\/\/bp16ugralovar.hu\/wp-content\/uploads\/2025\/04\/20250411_123409-300x225.jpg 300w, https:\/\/bp16ugralovar.hu\/wp-content\/uploads\/2025\/04\/20250411_123409-768x576.jpg 768w, https:\/\/bp16ugralovar.hu\/wp-content\/uploads\/2025\/04\/20250411_123409-1536x1152.jpg 1536w, https:\/\/bp16ugralovar.hu\/wp-content\/uploads\/2025\/04\/elementor\/thumbs\/20250411_123409-r4okzgs16txqivo4j9h29wfdwv5wrqykcn7e0ucqm0.jpg 400w, https:\/\/bp16ugralovar.hu\/wp-content\/uploads\/2025\/04\/20250411_123409.jpg 1600w\" sizes=\"(max-width: 1024px) 100vw, 1024px\" \/>\t\t\t\t\t\t\t\t\t\t\t\t\t\t\t<\/div>\n\t\t\t\t<\/div>\n\t\t<div class=\"elementor-element elementor-element-46c0f88 e-con-full e-flex e-con e-child\" data-id=\"46c0f88\" data-element_type=\"container\" data-e-type=\"container\">\n\t\t\t\t<div class=\"elementor-element elementor-element-f20aefd elementor-widget elementor-widget-image-gallery\" data-id=\"f20aefd\" data-element_type=\"widget\" data-e-type=\"widget\" data-widget_type=\"image-gallery.default\">\n\t\t\t\t<div class=\"elementor-widget-container\">\n\t\t\t\t\t\t\t<div class=\"elementor-image-gallery\">\n\t\t\t<div id='gallery-1' class='gallery galleryid-135 gallery-columns-9 gallery-size-thumbnail'><figure class='gallery-item'>\n\t\t\t<div class='gallery-icon landscape'>\n\t\t\t\t<a data-elementor-open-lightbox=\"yes\" data-elementor-lightbox-slideshow=\"f20aefd\" data-elementor-lightbox-title=\"20250411_123448\" data-e-action-hash=\"#elementor-action%3Aaction%3Dlightbox%26settings%3DeyJpZCI6MjE0LCJ1cmwiOiJodHRwczpcL1wvYnAxNnVncmFsb3Zhci5odVwvd3AtY29udGVudFwvdXBsb2Fkc1wvMjAyNVwvMDRcLzIwMjUwNDExXzEyMzQ0OC5qcGciLCJzbGlkZXNob3ciOiJmMjBhZWZkIn0%3D\" href='https:\/\/bp16ugralovar.hu\/wp-content\/uploads\/2025\/04\/20250411_123448.jpg'><img decoding=\"async\" width=\"150\" height=\"150\" src=\"https:\/\/bp16ugralovar.hu\/wp-content\/uploads\/2025\/04\/20250411_123448-150x150.jpg\" class=\"attachment-thumbnail size-thumbnail\" alt=\"\" \/><\/a>\n\t\t\t<\/div><\/figure><figure class='gallery-item'>\n\t\t\t<div class='gallery-icon landscape'>\n\t\t\t\t<a data-elementor-open-lightbox=\"yes\" data-elementor-lightbox-slideshow=\"f20aefd\" data-elementor-lightbox-title=\"20250411_123531\" data-e-action-hash=\"#elementor-action%3Aaction%3Dlightbox%26settings%3DeyJpZCI6MjE2LCJ1cmwiOiJodHRwczpcL1wvYnAxNnVncmFsb3Zhci5odVwvd3AtY29udGVudFwvdXBsb2Fkc1wvMjAyNVwvMDRcLzIwMjUwNDExXzEyMzUzMS5qcGciLCJzbGlkZXNob3ciOiJmMjBhZWZkIn0%3D\" href='https:\/\/bp16ugralovar.hu\/wp-content\/uploads\/2025\/04\/20250411_123531.jpg'><img decoding=\"async\" width=\"150\" height=\"150\" src=\"https:\/\/bp16ugralovar.hu\/wp-content\/uploads\/2025\/04\/20250411_123531-150x150.jpg\" class=\"attachment-thumbnail size-thumbnail\" alt=\"\" \/><\/a>\n\t\t\t<\/div><\/figure><figure class='gallery-item'>\n\t\t\t<div class='gallery-icon portrait'>\n\t\t\t\t<a data-elementor-open-lightbox=\"yes\" data-elementor-lightbox-slideshow=\"f20aefd\" data-elementor-lightbox-title=\"20250411_123755\" data-e-action-hash=\"#elementor-action%3Aaction%3Dlightbox%26settings%3DeyJpZCI6MjIxLCJ1cmwiOiJodHRwczpcL1wvYnAxNnVncmFsb3Zhci5odVwvd3AtY29udGVudFwvdXBsb2Fkc1wvMjAyNVwvMDRcLzIwMjUwNDExXzEyMzc1NS5qcGciLCJzbGlkZXNob3ciOiJmMjBhZWZkIn0%3D\" href='https:\/\/bp16ugralovar.hu\/wp-content\/uploads\/2025\/04\/20250411_123755.jpg'><img loading=\"lazy\" decoding=\"async\" width=\"150\" height=\"150\" src=\"https:\/\/bp16ugralovar.hu\/wp-content\/uploads\/2025\/04\/20250411_123755-150x150.jpg\" class=\"attachment-thumbnail size-thumbnail\" alt=\"\" \/><\/a>\n\t\t\t<\/div><\/figure><figure class='gallery-item'>\n\t\t\t<div class='gallery-icon portrait'>\n\t\t\t\t<a data-elementor-open-lightbox=\"yes\" data-elementor-lightbox-slideshow=\"f20aefd\" data-elementor-lightbox-title=\"20250411_123645\" data-e-action-hash=\"#elementor-action%3Aaction%3Dlightbox%26settings%3DeyJpZCI6MjIwLCJ1cmwiOiJodHRwczpcL1wvYnAxNnVncmFsb3Zhci5odVwvd3AtY29udGVudFwvdXBsb2Fkc1wvMjAyNVwvMDRcLzIwMjUwNDExXzEyMzY0NS5qcGciLCJzbGlkZXNob3ciOiJmMjBhZWZkIn0%3D\" href='https:\/\/bp16ugralovar.hu\/wp-content\/uploads\/2025\/04\/20250411_123645.jpg'><img loading=\"lazy\" decoding=\"async\" width=\"150\" height=\"150\" src=\"https:\/\/bp16ugralovar.hu\/wp-content\/uploads\/2025\/04\/20250411_123645-150x150.jpg\" class=\"attachment-thumbnail size-thumbnail\" alt=\"\" \/><\/a>\n\t\t\t<\/div><\/figure><figure class='gallery-item'>\n\t\t\t<div class='gallery-icon landscape'>\n\t\t\t\t<a data-elementor-open-lightbox=\"yes\" data-elementor-lightbox-slideshow=\"f20aefd\" data-elementor-lightbox-title=\"20250411_123512\" data-e-action-hash=\"#elementor-action%3Aaction%3Dlightbox%26settings%3DeyJpZCI6MjE1LCJ1cmwiOiJodHRwczpcL1wvYnAxNnVncmFsb3Zhci5odVwvd3AtY29udGVudFwvdXBsb2Fkc1wvMjAyNVwvMDRcLzIwMjUwNDExXzEyMzUxMi5qcGciLCJzbGlkZXNob3ciOiJmMjBhZWZkIn0%3D\" href='https:\/\/bp16ugralovar.hu\/wp-content\/uploads\/2025\/04\/20250411_123512.jpg'><img loading=\"lazy\" decoding=\"async\" width=\"150\" height=\"150\" src=\"https:\/\/bp16ugralovar.hu\/wp-content\/uploads\/2025\/04\/20250411_123512-150x150.jpg\" class=\"attachment-thumbnail size-thumbnail\" alt=\"\" \/><\/a>\n\t\t\t<\/div><\/figure><figure class='gallery-item'>\n\t\t\t<div class='gallery-icon portrait'>\n\t\t\t\t<a data-elementor-open-lightbox=\"yes\" data-elementor-lightbox-slideshow=\"f20aefd\" data-elementor-lightbox-title=\"20250411_123812\" data-e-action-hash=\"#elementor-action%3Aaction%3Dlightbox%26settings%3DeyJpZCI6MjIyLCJ1cmwiOiJodHRwczpcL1wvYnAxNnVncmFsb3Zhci5odVwvd3AtY29udGVudFwvdXBsb2Fkc1wvMjAyNVwvMDRcLzIwMjUwNDExXzEyMzgxMi5qcGciLCJzbGlkZXNob3ciOiJmMjBhZWZkIn0%3D\" href='https:\/\/bp16ugralovar.hu\/wp-content\/uploads\/2025\/04\/20250411_123812.jpg'><img loading=\"lazy\" decoding=\"async\" width=\"150\" height=\"150\" src=\"https:\/\/bp16ugralovar.hu\/wp-content\/uploads\/2025\/04\/20250411_123812-150x150.jpg\" class=\"attachment-thumbnail size-thumbnail\" alt=\"\" \/><\/a>\n\t\t\t<\/div><\/figure><figure class='gallery-item'>\n\t\t\t<div class='gallery-icon portrait'>\n\t\t\t\t<a data-elementor-open-lightbox=\"yes\" data-elementor-lightbox-slideshow=\"f20aefd\" data-elementor-lightbox-title=\"20250411_123642\" data-e-action-hash=\"#elementor-action%3Aaction%3Dlightbox%26settings%3DeyJpZCI6MjE5LCJ1cmwiOiJodHRwczpcL1wvYnAxNnVncmFsb3Zhci5odVwvd3AtY29udGVudFwvdXBsb2Fkc1wvMjAyNVwvMDRcLzIwMjUwNDExXzEyMzY0Mi5qcGciLCJzbGlkZXNob3ciOiJmMjBhZWZkIn0%3D\" href='https:\/\/bp16ugralovar.hu\/wp-content\/uploads\/2025\/04\/20250411_123642.jpg'><img loading=\"lazy\" decoding=\"async\" width=\"150\" height=\"150\" src=\"https:\/\/bp16ugralovar.hu\/wp-content\/uploads\/2025\/04\/20250411_123642-150x150.jpg\" class=\"attachment-thumbnail size-thumbnail\" alt=\"\" \/><\/a>\n\t\t\t<\/div><\/figure><figure class='gallery-item'>\n\t\t\t<div class='gallery-icon landscape'>\n\t\t\t\t<a data-elementor-open-lightbox=\"yes\" data-elementor-lightbox-slideshow=\"f20aefd\" data-elementor-lightbox-title=\"20250411_123636\" data-e-action-hash=\"#elementor-action%3Aaction%3Dlightbox%26settings%3DeyJpZCI6MjE4LCJ1cmwiOiJodHRwczpcL1wvYnAxNnVncmFsb3Zhci5odVwvd3AtY29udGVudFwvdXBsb2Fkc1wvMjAyNVwvMDRcLzIwMjUwNDExXzEyMzYzNi5qcGciLCJzbGlkZXNob3ciOiJmMjBhZWZkIn0%3D\" href='https:\/\/bp16ugralovar.hu\/wp-content\/uploads\/2025\/04\/20250411_123636.jpg'><img loading=\"lazy\" decoding=\"async\" width=\"150\" height=\"150\" src=\"https:\/\/bp16ugralovar.hu\/wp-content\/uploads\/2025\/04\/20250411_123636-150x150.jpg\" class=\"attachment-thumbnail size-thumbnail\" alt=\"\" \/><\/a>\n\t\t\t<\/div><\/figure><figure class='gallery-item'>\n\t\t\t<div class='gallery-icon landscape'>\n\t\t\t\t<a data-elementor-open-lightbox=\"yes\" data-elementor-lightbox-slideshow=\"f20aefd\" data-elementor-lightbox-title=\"20250411_123539\" data-e-action-hash=\"#elementor-action%3Aaction%3Dlightbox%26settings%3DeyJpZCI6MjE3LCJ1cmwiOiJodHRwczpcL1wvYnAxNnVncmFsb3Zhci5odVwvd3AtY29udGVudFwvdXBsb2Fkc1wvMjAyNVwvMDRcLzIwMjUwNDExXzEyMzUzOS5qcGciLCJzbGlkZXNob3ciOiJmMjBhZWZkIn0%3D\" href='https:\/\/bp16ugralovar.hu\/wp-content\/uploads\/2025\/04\/20250411_123539.jpg'><img loading=\"lazy\" decoding=\"async\" width=\"150\" height=\"150\" src=\"https:\/\/bp16ugralovar.hu\/wp-content\/uploads\/2025\/04\/20250411_123539-150x150.jpg\" class=\"attachment-thumbnail size-thumbnail\" alt=\"\" \/><\/a>\n\t\t\t<\/div><\/figure>\n\t\t<\/div>\n\t\t<\/div>\n\t\t\t\t\t\t<\/div>\n\t\t\t\t<\/div>\n\t\t\t\t<\/div>\n\t\t<div class=\"elementor-element elementor-element-5e5eb7d e-con-full e-flex e-con e-child\" data-id=\"5e5eb7d\" data-element_type=\"container\" data-e-type=\"container\">\n\t\t\t\t<div class=\"elementor-element elementor-element-427a276 elementor-widget elementor-widget-text-editor\" data-id=\"427a276\" data-element_type=\"widget\" data-e-type=\"widget\" data-widget_type=\"text-editor.default\">\n\t\t\t\t<div class=\"elementor-widget-container\">\n\t\t\t\t\t\t\t\t\t<h5>\ud83d\udcd0 M\u00e9retei: 4,85 x 3,2 x 2,95 m (H x Sz x M)<\/h5><p><strong>\ud83d\udc6b 4-6 szem\u00e9lyes <\/strong><strong>\u2197\ufe0f 10 \u00e9ves korig<\/strong><\/p><p>Ez a vid\u00e1m sz\u00ednekkel rendelkez\u0151, vag\u00e1ny lovagv\u00e1ras ugr\u00e1l\u00f3 minden gyermek kedvence lesz! A l\u00e9gv\u00e1r mind bel- mind k\u00fclt\u00e9ren kiv\u00e1l\u00f3an haszn\u00e1lhat\u00f3. A k\u00e9t cs\u00faszda, az akad\u00e1lyok, a kos\u00e1rpal\u00e1nk, a c\u00e9lbadob\u00e1s, \u00e9s a labdatenger extra \u00e9lm\u00e9nyt ny\u00fajtanak a gyerekeknek.<\/p><p><strong>A csomag s\u00falya:<\/strong> 29 kg, szem\u00e9lyaut\u00f3ban sz\u00e1ll\u00edthat\u00f3.<\/p><p><strong>Sz\u00e1ll\u00edt\u00e1si csomag m\u00e9retei<\/strong>: 90 x 46 x 45 cm (H x Sz x M)<\/p><ul><li><strong>Anyaga<\/strong>: dupl\u00e1n lamin\u00e1lt PVC<\/li><\/ul><p><strong>\u23f1 Az \u00f6sszeszerel\u00e9si id\u0151: kb. 4 \u2013 5 perc<\/strong><\/p><p><strong> \u00a0<\/strong>\u00d6sszeszerel\u00e9shez sz\u00fcks\u00e9ges szem\u00e9lyek sz\u00e1ma: 1 f\u0151<\/p>\t\t\t\t\t\t\t\t<\/div>\n\t\t\t\t<\/div>\n\t\t\t\t<\/div>\n\t\t<div class=\"elementor-element elementor-element-d1fd658 e-con-full e-flex e-con e-child\" data-id=\"d1fd658\" data-element_type=\"container\" data-e-type=\"container\">\n\t\t<div class=\"elementor-element elementor-element-c8dea2d e-con-full e-flex e-con e-child\" data-id=\"c8dea2d\" data-element_type=\"container\" data-e-type=\"container\">\n\t\t\t\t<div class=\"elementor-element elementor-element-b12a72e elementor-widget elementor-widget-text-editor\" data-id=\"b12a72e\" data-element_type=\"widget\" data-e-type=\"widget\" data-widget_type=\"text-editor.default\">\n\t\t\t\t<div class=\"elementor-widget-container\">\n\t\t\t\t\t\t\t\t\t<h3 style=\"text-align: center;\">B\u00e9rl\u00e9si \u00e1rak<\/h3><p style=\"text-align: center;\">H\u00e9tk\u00f6znap: 15 000 Ft\/nap<\/p><p style=\"text-align: center;\">H\u00e9tv\u00e9ge: 18 000 Ft\/nap<\/p><p style=\"text-align: center;\">Teljes h\u00e9tv\u00e9ge: 30 000 Ft<\/p>\t\t\t\t\t\t\t\t<\/div>\n\t\t\t\t<\/div>\n\t\t\t\t<\/div>\n\t\t<div class=\"elementor-element elementor-element-3db5784 e-con-full e-flex e-con e-child\" data-id=\"3db5784\" data-element_type=\"container\" data-e-type=\"container\">\n\t\t\t\t<div class=\"elementor-element elementor-element-19f75fa elementor-widget elementor-widget-text-editor\" data-id=\"19f75fa\" data-element_type=\"widget\" data-e-type=\"widget\" data-widget_type=\"text-editor.default\">\n\t\t\t\t<div class=\"elementor-widget-container\">\n\t\t\t\t\t\t\t\t\t<div class=\"layout__region section-twocol__second\"><div class=\"paragraph paragraph--type--from-library paragraph--view-mode--default\"><div class=\"paragraph default-box-element paragraph-type__default-box-element\"><div class=\"default-box-element__container\"><h3 style=\"text-align: center;\">H\u00e1zhoz sz\u00e1ll\u00edt\u00e1s<\/h3><p style=\"text-align: center;\">Ha szeretn\u00e9tek, h\u00e1zhoz sz\u00e1ll\u00edtjuk, fel\u00e1ll\u00edtjuk, majd a buli v\u00e9g\u00e9n \u00f6sszecsomagoljuk \u00e9s elsz\u00e1ll\u00edtjuk a b\u00e9rbe adott kell\u00e9keinket, hogy nektek ezzel se kelljen foglalkoznotok.<\/p><p style=\"text-align: center;\"><strong>Kisz\u00e1ll\u00edt\u00e1si \u00e1rat pontos c\u00edm alapj\u00e1n adunk!<\/strong><\/p><\/div><\/div><\/div><\/div>\t\t\t\t\t\t\t\t<\/div>\n\t\t\t\t<\/div>\n\t\t\t\t<\/div>\n\t\t\t\t<\/div>\n\t\t<div class=\"elementor-element elementor-element-facb226 e-con-full e-flex e-con e-child\" data-id=\"facb226\" data-element_type=\"container\" data-e-type=\"container\">\n\t\t\t\t<div class=\"elementor-element elementor-element-0d65110 elementor-widget elementor-widget-text-editor\" data-id=\"0d65110\" data-element_type=\"widget\" data-e-type=\"widget\" data-widget_type=\"text-editor.default\">\n\t\t\t\t<div class=\"elementor-widget-container\">\n\t\t\t\t\t\t\t\t\t<h4 style=\"text-align: center;\">Tov\u00e1bbi el\u00e9rhet\u0151 l\u00e9gv\u00e1raink<\/h4>\t\t\t\t\t\t\t\t<\/div>\n\t\t\t\t<\/div>\n\t\t\t\t<\/div>\n\t\t<div class=\"elementor-element elementor-element-bf78557 e-con-full e-flex e-con e-child\" data-id=\"bf78557\" data-element_type=\"container\" data-e-type=\"container\">\n\t\t<div class=\"elementor-element elementor-element-2979f58 e-con-full e-flex e-con e-child\" data-id=\"2979f58\" data-element_type=\"container\" data-e-type=\"container\">\n\t\t\t\t<div class=\"elementor-element elementor-element-1d4fd9e elementor-widget elementor-widget-image\" data-id=\"1d4fd9e\" data-element_type=\"widget\" data-e-type=\"widget\" data-widget_type=\"image.default\">\n\t\t\t\t<div class=\"elementor-widget-container\">\n\t\t\t\t\t\t\t\t\t\t\t\t\t\t\t<img decoding=\"async\" src=\"https:\/\/bp16ugralovar.hu\/wp-content\/uploads\/elementor\/thumbs\/Buborekvilag-legvar_3-r2p50f6kqzrzv5bt79w7dxf1zgmwm0xk9iw3ko0nnc.jpg\" title=\"Bubor\u00e9kvil\u00e1g-l\u00e9gv\u00e1r_3\" alt=\"Bubor\u00e9kvil\u00e1g-l\u00e9gv\u00e1r_3\" loading=\"lazy\" \/>\t\t\t\t\t\t\t\t\t\t\t\t\t\t\t<\/div>\n\t\t\t\t<\/div>\n\t\t\t\t<div class=\"elementor-element elementor-element-5745eaa elementor-button-info elementor-align-center elementor-widget elementor-widget-button\" data-id=\"5745eaa\" data-element_type=\"widget\" data-e-type=\"widget\" data-widget_type=\"button.default\">\n\t\t\t\t<div class=\"elementor-widget-container\">\n\t\t\t\t\t\t\t\t\t<div class=\"elementor-button-wrapper\">\n\t\t\t\t\t<a class=\"elementor-button elementor-button-link elementor-size-sm\" href=\"https:\/\/bp16ugralovar.hu\/?page_id=117\">\n\t\t\t\t\t\t<span class=\"elementor-button-content-wrapper\">\n\t\t\t\t\t\t\t\t\t<span class=\"elementor-button-text\">R\u00e9szletek<\/span>\n\t\t\t\t\t<\/span>\n\t\t\t\t\t<\/a>\n\t\t\t\t<\/div>\n\t\t\t\t\t\t\t\t<\/div>\n\t\t\t\t<\/div>\n\t\t\t\t<\/div>\n\t\t<div class=\"elementor-element elementor-element-ba809a5 e-con-full e-flex e-con e-child\" data-id=\"ba809a5\" data-element_type=\"container\" data-e-type=\"container\">\n\t\t\t\t<div class=\"elementor-element elementor-element-4891878 elementor-widget elementor-widget-image\" data-id=\"4891878\" data-element_type=\"widget\" data-e-type=\"widget\" data-widget_type=\"image.default\">\n\t\t\t\t<div class=\"elementor-widget-container\">\n\t\t\t\t\t\t\t\t\t\t\t\t\t\t\t<img decoding=\"async\" src=\"https:\/\/bp16ugralovar.hu\/wp-content\/uploads\/elementor\/thumbs\/20250411_121403-r4o81egwi3xhvcnk0sygyidid0c26ipu9ua9npe3so.jpg\" title=\"20250411_121403\" alt=\"20250411_121403\" loading=\"lazy\" \/>\t\t\t\t\t\t\t\t\t\t\t\t\t\t\t<\/div>\n\t\t\t\t<\/div>\n\t\t\t\t<div class=\"elementor-element elementor-element-a16d462 elementor-button-info elementor-align-center elementor-widget elementor-widget-button\" data-id=\"a16d462\" data-element_type=\"widget\" data-e-type=\"widget\" data-widget_type=\"button.default\">\n\t\t\t\t<div class=\"elementor-widget-container\">\n\t\t\t\t\t\t\t\t\t<div class=\"elementor-button-wrapper\">\n\t\t\t\t\t<a class=\"elementor-button elementor-button-link elementor-size-sm\" href=\"https:\/\/bp16ugralovar.hu\/?page_id=133\">\n\t\t\t\t\t\t<span class=\"elementor-button-content-wrapper\">\n\t\t\t\t\t\t\t\t\t<span class=\"elementor-button-text\">R\u00e9szletek<\/span>\n\t\t\t\t\t<\/span>\n\t\t\t\t\t<\/a>\n\t\t\t\t<\/div>\n\t\t\t\t\t\t\t\t<\/div>\n\t\t\t\t<\/div>\n\t\t\t\t<\/div>\n\t\t\t\t<\/div>\n\t\t\t\t\t<\/div>\n\t\t\t\t<\/div>\n\t\t\t\t<\/div>\n\t\t","protected":false},"excerpt":{"rendered":"<p>\ud83d\udcd0 M\u00e9retei: 4,85 x 3,2 x 2,95 m (H x Sz x M) \ud83d\udc6b 4-6 szem\u00e9lyes \u2197\ufe0f 10 \u00e9ves korig Ez a vid\u00e1m sz\u00ednekkel rendelkez\u0151, vag\u00e1ny lovagv\u00e1ras ugr\u00e1l\u00f3 minden gyermek kedvence lesz! A l\u00e9gv\u00e1r mind bel- mind k\u00fclt\u00e9ren kiv\u00e1l\u00f3an haszn\u00e1lhat\u00f3. A k\u00e9t cs\u00faszda, az akad\u00e1lyok, a kos\u00e1rpal\u00e1nk, a c\u00e9lbadob\u00e1s, \u00e9s a labdatenger extra \u00e9lm\u00e9nyt ny\u00fajtanak [&hellip;]<\/p>\n","protected":false},"author":1,"featured_media":0,"parent":0,"menu_order":0,"comment_status":"closed","ping_status":"closed","template":"","meta":{"footnotes":""},"class_list":["post-135","page","type-page","status-publish","hentry"],"_links":{"self":[{"href":"https:\/\/bp16ugralovar.hu\/index.php?rest_route=\/wp\/v2\/pages\/135","targetHints":{"allow":["GET"]}}],"collection":[{"href":"https:\/\/bp16ugralovar.hu\/index.php?rest_route=\/wp\/v2\/pages"}],"about":[{"href":"https:\/\/bp16ugralovar.hu\/index.php?rest_route=\/wp\/v2\/types\/page"}],"author":[{"embeddable":true,"href":"https:\/\/bp16ugralovar.hu\/index.php?rest_route=\/wp\/v2\/users\/1"}],"replies":[{"embeddable":true,"href":"https:\/\/bp16ugralovar.hu\/index.php?rest_route=%2Fwp%2Fv2%2Fcomments&post=135"}],"version-history":[{"count":20,"href":"https:\/\/bp16ugralovar.hu\/index.php?rest_route=\/wp\/v2\/pages\/135\/revisions"}],"predecessor-version":[{"id":276,"href":"https:\/\/bp16ugralovar.hu\/index.php?rest_route=\/wp\/v2\/pages\/135\/revisions\/276"}],"wp:attachment":[{"href":"https:\/\/bp16ugralovar.hu\/index.php?rest_route=%2Fwp%2Fv2%2Fmedia&parent=135"}],"curies":[{"name":"wp","href":"https:\/\/api.w.org\/{rel}","templated":true}]}}