{"id":44,"date":"2025-03-11T10:39:56","date_gmt":"2025-03-11T09:39:56","guid":{"rendered":"https:\/\/bp16ugralovar.hu\/?page_id=44"},"modified":"2025-04-21T14:09:45","modified_gmt":"2025-04-21T12:09:45","slug":"ugralovarak","status":"publish","type":"page","link":"https:\/\/bp16ugralovar.hu\/","title":{"rendered":"UGR\u00c1L\u00d3V\u00c1RAK"},"content":{"rendered":"\t\t<div data-elementor-type=\"wp-page\" data-elementor-id=\"44\" class=\"elementor elementor-44\">\n\t\t\t\t<div class=\"elementor-element elementor-element-67669c1 e-flex e-con-boxed e-con e-parent\" data-id=\"67669c1\" data-element_type=\"container\" data-e-type=\"container\">\n\t\t\t\t\t<div class=\"e-con-inner\">\n\t\t<div class=\"elementor-element elementor-element-6b667cd e-con-full e-flex e-con e-child\" data-id=\"6b667cd\" data-element_type=\"container\" data-e-type=\"container\">\n\t\t\t\t<div class=\"elementor-element elementor-element-c4507f6 elementor-widget elementor-widget-image\" data-id=\"c4507f6\" data-element_type=\"widget\" data-e-type=\"widget\" data-widget_type=\"image.default\">\n\t\t\t\t<div class=\"elementor-widget-container\">\n\t\t\t\t\t\t\t\t\t\t\t\t\t\t\t<img fetchpriority=\"high\" decoding=\"async\" width=\"1024\" height=\"768\" src=\"https:\/\/bp16ugralovar.hu\/wp-content\/uploads\/2025\/03\/Buborekvilag-legvar_3-1024x768.jpg\" class=\"attachment-large size-large wp-image-71\" alt=\"\" srcset=\"https:\/\/bp16ugralovar.hu\/wp-content\/uploads\/2025\/03\/Buborekvilag-legvar_3-1024x768.jpg 1024w, https:\/\/bp16ugralovar.hu\/wp-content\/uploads\/2025\/03\/Buborekvilag-legvar_3-300x225.jpg 300w, https:\/\/bp16ugralovar.hu\/wp-content\/uploads\/2025\/03\/Buborekvilag-legvar_3-768x576.jpg 768w, https:\/\/bp16ugralovar.hu\/wp-content\/uploads\/2025\/03\/Buborekvilag-legvar_3-1536x1152.jpg 1536w, https:\/\/bp16ugralovar.hu\/wp-content\/uploads\/2025\/03\/elementor\/thumbs\/Buborekvilag-legvar_3-r2p50f6kqzrzv5bt79w7dxf1zgmwm0xk9iw3ko0nnc.jpg 400w, https:\/\/bp16ugralovar.hu\/wp-content\/uploads\/2025\/03\/Buborekvilag-legvar_3.jpg 2000w\" sizes=\"(max-width: 1024px) 100vw, 1024px\" \/>\t\t\t\t\t\t\t\t\t\t\t\t\t\t\t<\/div>\n\t\t\t\t<\/div>\n\t\t\t\t<\/div>\n\t\t<div class=\"elementor-element elementor-element-d229720 e-con-full e-flex e-con e-child\" data-id=\"d229720\" data-element_type=\"container\" data-e-type=\"container\">\n\t\t<div class=\"elementor-element elementor-element-be0c816 e-con-full e-flex e-con e-child\" data-id=\"be0c816\" data-element_type=\"container\" data-e-type=\"container\">\n\t\t\t\t<div class=\"elementor-element elementor-element-91a82f5 elementor-widget elementor-widget-text-editor\" data-id=\"91a82f5\" data-element_type=\"widget\" data-e-type=\"widget\" data-widget_type=\"text-editor.default\">\n\t\t\t\t<div class=\"elementor-widget-container\">\n\t\t\t\t\t\t\t\t\t<h1 class=\"product_title entry-title\">Happy Hop Bubor\u00e9kvil\u00e1g<\/h1><h5>\ud83d\udcd0 M\u00e9retei: 3 x 2,8 x 1,75 m (H x Sz x M)<\/h5><p><strong>\ud83d\udc6b 3-4 szem\u00e9lyes <\/strong><strong>\u2197\ufe0f 6 \u00e9ves korig<\/strong><\/p><p>Ez a vid\u00e1m sz\u00ednekkel, bubor\u00e9kos mint\u00e1val rendelkez\u0151 l\u00e9gv\u00e1r a kicsik egyik kedvence \u2013 mind bel- mind k\u00fclt\u00e9ren kiv\u00e1l\u00f3an haszn\u00e1lhat\u00f3. A cs\u00faszda, a kos\u00e1rpal\u00e1nk \u00e9s a labdatenger extra \u00e9lm\u00e9nyt ny\u00fajtanak a gyerekeknek. Unalmas, es\u0151s \u00e9s hideg napokon ak\u00e1r a szob\u00e1ban is fel\u00e1ll\u00edthat\u00f3.<\/p><p><strong>A csomag s\u00falya:<\/strong> 16 kg, szem\u00e9lyaut\u00f3ban sz\u00e1ll\u00edthat\u00f3.<\/p>\t\t\t\t\t\t\t\t<\/div>\n\t\t\t\t<\/div>\n\t\t\t\t<\/div>\n\t\t<div class=\"elementor-element elementor-element-6f87df9 e-con-full e-flex e-con e-child\" data-id=\"6f87df9\" data-element_type=\"container\" data-e-type=\"container\">\n\t\t\t\t<div class=\"elementor-element elementor-element-37a41a7 elementor-button-info elementor-align-center elementor-widget elementor-widget-button\" data-id=\"37a41a7\" data-element_type=\"widget\" data-e-type=\"widget\" data-widget_type=\"button.default\">\n\t\t\t\t<div class=\"elementor-widget-container\">\n\t\t\t\t\t\t\t\t\t<div class=\"elementor-button-wrapper\">\n\t\t\t\t\t<a class=\"elementor-button elementor-button-link elementor-size-sm\" href=\"https:\/\/bp16ugralovar.hu\/?page_id=117\">\n\t\t\t\t\t\t<span class=\"elementor-button-content-wrapper\">\n\t\t\t\t\t\t\t\t\t<span class=\"elementor-button-text\">B\u00e9rl\u00e9si \u00e1rak \u00e9s r\u00e9szletek<\/span>\n\t\t\t\t\t<\/span>\n\t\t\t\t\t<\/a>\n\t\t\t\t<\/div>\n\t\t\t\t\t\t\t\t<\/div>\n\t\t\t\t<\/div>\n\t\t\t\t<\/div>\n\t\t\t\t<\/div>\n\t\t\t\t\t<\/div>\n\t\t\t\t<\/div>\n\t\t<div class=\"elementor-element elementor-element-ae37dc0 e-flex e-con-boxed e-con e-parent\" data-id=\"ae37dc0\" data-element_type=\"container\" data-e-type=\"container\">\n\t\t\t\t\t<div class=\"e-con-inner\">\n\t\t<div class=\"elementor-element elementor-element-2275082 e-con-full e-flex e-con e-child\" data-id=\"2275082\" data-element_type=\"container\" data-e-type=\"container\">\n\t\t\t\t<div class=\"elementor-element elementor-element-22702ed elementor-widget elementor-widget-image\" data-id=\"22702ed\" data-element_type=\"widget\" data-e-type=\"widget\" data-widget_type=\"image.default\">\n\t\t\t\t<div class=\"elementor-widget-container\">\n\t\t\t\t\t\t\t\t\t\t\t\t\t\t\t<img decoding=\"async\" width=\"1024\" height=\"768\" src=\"https:\/\/bp16ugralovar.hu\/wp-content\/uploads\/2025\/04\/20250411_121403-1024x768.jpg\" class=\"attachment-large size-large wp-image-159\" alt=\"\" srcset=\"https:\/\/bp16ugralovar.hu\/wp-content\/uploads\/2025\/04\/20250411_121403-1024x768.jpg 1024w, https:\/\/bp16ugralovar.hu\/wp-content\/uploads\/2025\/04\/20250411_121403-300x225.jpg 300w, https:\/\/bp16ugralovar.hu\/wp-content\/uploads\/2025\/04\/20250411_121403-768x576.jpg 768w, https:\/\/bp16ugralovar.hu\/wp-content\/uploads\/2025\/04\/20250411_121403-1536x1152.jpg 1536w, https:\/\/bp16ugralovar.hu\/wp-content\/uploads\/2025\/04\/elementor\/thumbs\/20250411_121403-r4o81egwi3xhvcnk0sygyidid0c26ipu9ua9npe3so.jpg 400w, https:\/\/bp16ugralovar.hu\/wp-content\/uploads\/2025\/04\/20250411_121403.jpg 1600w\" sizes=\"(max-width: 1024px) 100vw, 1024px\" \/>\t\t\t\t\t\t\t\t\t\t\t\t\t\t\t<\/div>\n\t\t\t\t<\/div>\n\t\t\t\t<\/div>\n\t\t<div class=\"elementor-element elementor-element-6cdef11 e-con-full e-flex e-con e-child\" data-id=\"6cdef11\" data-element_type=\"container\" data-e-type=\"container\">\n\t\t<div class=\"elementor-element elementor-element-5d00105 e-con-full e-flex e-con e-child\" data-id=\"5d00105\" data-element_type=\"container\" data-e-type=\"container\">\n\t\t\t\t<div class=\"elementor-element elementor-element-fe636f2 elementor-widget elementor-widget-text-editor\" data-id=\"fe636f2\" data-element_type=\"widget\" data-e-type=\"widget\" data-widget_type=\"text-editor.default\">\n\t\t\t\t<div class=\"elementor-widget-container\">\n\t\t\t\t\t\t\t\t\t<h1 class=\"product_title entry-title\">Happy Hop Rock Interakt\u00edv L\u00e9gv\u00e1r<\/h1><h5><strong>\ud83d\udcd0 M\u00e9retei<\/strong>: 2,8 x 2,1 x 1,7 m (H x Sz x M)<\/h5><p><strong>\ud83d\udc6b 2-4 szem\u00e9lyes <\/strong><strong>\u2197\ufe0f 6 \u00e9ves korig<\/strong><\/p><p>A Happy Hop Rock Interakt\u00edv L\u00e9gv\u00e1r eg\u00e9szen \u00faj szintre emeli a csal\u00e1di haszn\u00e1lat\u00fa ugr\u00e1l\u00f3v\u00e1rakat, \u00edgy a j\u00e1t\u00e9k m\u00e9g az eddigin\u00e9l is sz\u00f3rakoztat\u00f3bb lesz! Ebben a nagyszer\u0171 term\u00e9kben nemcsak ugr\u00e1lni \u00e9s cs\u00faszd\u00e1zni lehet, hanem a nyolc \u00e9rz\u00e9kel\u0151 valamelyik\u00e9t meg\u00e9rintve a gyerekek k\u00fcl\u00f6nb\u00f6z\u0151 f\u00e9ny- \u00e9s hanghat\u00e1sokkal k\u00eds\u00e9rve \u00e9lvezhetik a mozg\u00e1st. Igaz\u00e1n vag\u00e1ny sz\u00edneivel a kisfi\u00fak \u00e9s a kisl\u00e1nyok kedvence lesz!<\/p><p><strong>A csomag s\u00falya:<\/strong> 15 kg, szem\u00e9lyaut\u00f3ban sz\u00e1ll\u00edthat\u00f3.<\/p>\t\t\t\t\t\t\t\t<\/div>\n\t\t\t\t<\/div>\n\t\t<div class=\"elementor-element elementor-element-d24eef3 e-con-full e-flex e-con e-child\" data-id=\"d24eef3\" data-element_type=\"container\" data-e-type=\"container\">\n\t\t\t\t<div class=\"elementor-element elementor-element-e2958df elementor-button-info elementor-align-center elementor-widget elementor-widget-button\" data-id=\"e2958df\" data-element_type=\"widget\" data-e-type=\"widget\" data-widget_type=\"button.default\">\n\t\t\t\t<div class=\"elementor-widget-container\">\n\t\t\t\t\t\t\t\t\t<div class=\"elementor-button-wrapper\">\n\t\t\t\t\t<a class=\"elementor-button elementor-button-link elementor-size-sm\" href=\"https:\/\/bp16ugralovar.hu\/?page_id=133\">\n\t\t\t\t\t\t<span class=\"elementor-button-content-wrapper\">\n\t\t\t\t\t\t\t\t\t<span class=\"elementor-button-text\">B\u00e9rl\u00e9si \u00e1rak \u00e9s r\u00e9szletek<\/span>\n\t\t\t\t\t<\/span>\n\t\t\t\t\t<\/a>\n\t\t\t\t<\/div>\n\t\t\t\t\t\t\t\t<\/div>\n\t\t\t\t<\/div>\n\t\t\t\t<\/div>\n\t\t\t\t<\/div>\n\t\t\t\t<\/div>\n\t\t\t\t\t<\/div>\n\t\t\t\t<\/div>\n\t\t<div class=\"elementor-element elementor-element-0a7950b e-flex e-con-boxed e-con e-parent\" data-id=\"0a7950b\" data-element_type=\"container\" data-e-type=\"container\">\n\t\t\t\t\t<div class=\"e-con-inner\">\n\t\t<div class=\"elementor-element elementor-element-2d35d92 e-con-full e-flex e-con e-child\" data-id=\"2d35d92\" data-element_type=\"container\" data-e-type=\"container\">\n\t\t\t\t<div class=\"elementor-element elementor-element-b7176ec elementor-widget elementor-widget-image\" data-id=\"b7176ec\" data-element_type=\"widget\" data-e-type=\"widget\" data-widget_type=\"image.default\">\n\t\t\t\t<div class=\"elementor-widget-container\">\n\t\t\t\t\t\t\t\t\t\t\t\t\t\t\t<img decoding=\"async\" width=\"1024\" height=\"768\" src=\"https:\/\/bp16ugralovar.hu\/wp-content\/uploads\/2025\/04\/20250411_123409-1024x768.jpg\" class=\"attachment-large size-large wp-image-213\" alt=\"\" srcset=\"https:\/\/bp16ugralovar.hu\/wp-content\/uploads\/2025\/04\/20250411_123409-1024x768.jpg 1024w, https:\/\/bp16ugralovar.hu\/wp-content\/uploads\/2025\/04\/20250411_123409-300x225.jpg 300w, https:\/\/bp16ugralovar.hu\/wp-content\/uploads\/2025\/04\/20250411_123409-768x576.jpg 768w, https:\/\/bp16ugralovar.hu\/wp-content\/uploads\/2025\/04\/20250411_123409-1536x1152.jpg 1536w, https:\/\/bp16ugralovar.hu\/wp-content\/uploads\/2025\/04\/elementor\/thumbs\/20250411_123409-r4okzgs16txqivo4j9h29wfdwv5wrqykcn7e0ucqm0.jpg 400w, https:\/\/bp16ugralovar.hu\/wp-content\/uploads\/2025\/04\/20250411_123409.jpg 1600w\" sizes=\"(max-width: 1024px) 100vw, 1024px\" \/>\t\t\t\t\t\t\t\t\t\t\t\t\t\t\t<\/div>\n\t\t\t\t<\/div>\n\t\t\t\t<\/div>\n\t\t<div class=\"elementor-element elementor-element-c04bec3 e-con-full e-flex e-con e-child\" data-id=\"c04bec3\" data-element_type=\"container\" data-e-type=\"container\">\n\t\t<div class=\"elementor-element elementor-element-042b897 e-con-full e-flex e-con e-child\" data-id=\"042b897\" data-element_type=\"container\" data-e-type=\"container\">\n\t\t\t\t<div class=\"elementor-element elementor-element-f29cea9 elementor-widget elementor-widget-text-editor\" data-id=\"f29cea9\" data-element_type=\"widget\" data-e-type=\"widget\" data-widget_type=\"text-editor.default\">\n\t\t\t\t<div class=\"elementor-widget-container\">\n\t\t\t\t\t\t\t\t\t<h1 class=\"product_title entry-title\">Happy Hop 13 az 1-ben Lovagv\u00e1ras L\u00e9gv\u00e1r<\/h1><h5>\ud83d\udcd0 M\u00e9retei: 4,85 x 3,2 x 2,95 m (H x Sz x M)<\/h5><p><strong>\ud83d\udc6b 6 szem\u00e9lyes <\/strong><strong>\u2197\ufe0f 8 \u00e9ves korig<\/strong><\/p><p style=\"text-align: left;\">Ez a vid\u00e1m sz\u00ednekkel rendelkez\u0151, vag\u00e1ny lovagv\u00e1ras ugr\u00e1l\u00f3 minden gyermek kedvence lesz! A l\u00e9gv\u00e1r mind bel- mind k\u00fclt\u00e9ren kiv\u00e1l\u00f3an haszn\u00e1lhat\u00f3. A k\u00e9t cs\u00faszda, az akad\u00e1lyok, a kos\u00e1rpal\u00e1nk, a c\u00e9lbadob\u00e1s, a labdatenger \u00e9s az alag\u00fat extra \u00e9lm\u00e9nyt ny\u00fajtanak a gyerekeknek.<\/p><p><strong>A csomag s\u00falya:<\/strong> 29 kg, szem\u00e9lyaut\u00f3ban sz\u00e1ll\u00edthat\u00f3.<\/p>\t\t\t\t\t\t\t\t<\/div>\n\t\t\t\t<\/div>\n\t\t\t\t<\/div>\n\t\t<div class=\"elementor-element elementor-element-214e87b e-con-full e-flex e-con e-child\" data-id=\"214e87b\" data-element_type=\"container\" data-e-type=\"container\">\n\t\t\t\t<div class=\"elementor-element elementor-element-1f0185c elementor-button-info elementor-align-center elementor-widget elementor-widget-button\" data-id=\"1f0185c\" data-element_type=\"widget\" data-e-type=\"widget\" data-widget_type=\"button.default\">\n\t\t\t\t<div class=\"elementor-widget-container\">\n\t\t\t\t\t\t\t\t\t<div class=\"elementor-button-wrapper\">\n\t\t\t\t\t<a class=\"elementor-button elementor-button-link elementor-size-sm\" href=\"https:\/\/bp16ugralovar.hu\/?page_id=135\">\n\t\t\t\t\t\t<span class=\"elementor-button-content-wrapper\">\n\t\t\t\t\t\t\t\t\t<span class=\"elementor-button-text\">B\u00e9rl\u00e9si \u00e1rak \u00e9s r\u00e9szletek<\/span>\n\t\t\t\t\t<\/span>\n\t\t\t\t\t<\/a>\n\t\t\t\t<\/div>\n\t\t\t\t\t\t\t\t<\/div>\n\t\t\t\t<\/div>\n\t\t\t\t<\/div>\n\t\t\t\t<\/div>\n\t\t\t\t\t<\/div>\n\t\t\t\t<\/div>\n\t\t\t\t<\/div>\n\t\t","protected":false},"excerpt":{"rendered":"<p>Happy Hop Bubor\u00e9kvil\u00e1g \ud83d\udcd0 M\u00e9retei: 3 x 2,8 x 1,75 m (H x Sz x M) \ud83d\udc6b 3-4 szem\u00e9lyes \u2197\ufe0f 6 \u00e9ves korig Ez a vid\u00e1m sz\u00ednekkel, bubor\u00e9kos mint\u00e1val rendelkez\u0151 l\u00e9gv\u00e1r a kicsik egyik kedvence \u2013 mind bel- mind k\u00fclt\u00e9ren kiv\u00e1l\u00f3an haszn\u00e1lhat\u00f3. A cs\u00faszda, a kos\u00e1rpal\u00e1nk \u00e9s a labdatenger extra \u00e9lm\u00e9nyt ny\u00fajtanak a gyerekeknek. Unalmas, [&hellip;]<\/p>\n","protected":false},"author":1,"featured_media":0,"parent":0,"menu_order":0,"comment_status":"closed","ping_status":"closed","template":"","meta":{"footnotes":""},"class_list":["post-44","page","type-page","status-publish","hentry"],"_links":{"self":[{"href":"https:\/\/bp16ugralovar.hu\/index.php?rest_route=\/wp\/v2\/pages\/44","targetHints":{"allow":["GET"]}}],"collection":[{"href":"https:\/\/bp16ugralovar.hu\/index.php?rest_route=\/wp\/v2\/pages"}],"about":[{"href":"https:\/\/bp16ugralovar.hu\/index.php?rest_route=\/wp\/v2\/types\/page"}],"author":[{"embeddable":true,"href":"https:\/\/bp16ugralovar.hu\/index.php?rest_route=\/wp\/v2\/users\/1"}],"replies":[{"embeddable":true,"href":"https:\/\/bp16ugralovar.hu\/index.php?rest_route=%2Fwp%2Fv2%2Fcomments&post=44"}],"version-history":[{"count":47,"href":"https:\/\/bp16ugralovar.hu\/index.php?rest_route=\/wp\/v2\/pages\/44\/revisions"}],"predecessor-version":[{"id":238,"href":"https:\/\/bp16ugralovar.hu\/index.php?rest_route=\/wp\/v2\/pages\/44\/revisions\/238"}],"wp:attachment":[{"href":"https:\/\/bp16ugralovar.hu\/index.php?rest_route=%2Fwp%2Fv2%2Fmedia&parent=44"}],"curies":[{"name":"wp","href":"https:\/\/api.w.org\/{rel}","templated":true}]}}