{"id":48,"date":"2025-03-11T10:39:56","date_gmt":"2025-03-11T09:39:56","guid":{"rendered":"https:\/\/bp16ugralovar.hu\/?page_id=48"},"modified":"2025-04-21T14:45:30","modified_gmt":"2025-04-21T12:45:30","slug":"foglalas","status":"publish","type":"page","link":"https:\/\/bp16ugralovar.hu\/?page_id=48","title":{"rendered":"FOGLAL\u00c1S"},"content":{"rendered":"\t\t<div data-elementor-type=\"wp-page\" data-elementor-id=\"48\" class=\"elementor elementor-48\">\n\t\t\t\t<div class=\"elementor-element elementor-element-9ae3922 e-flex e-con-boxed e-con e-parent\" data-id=\"9ae3922\" data-element_type=\"container\" data-e-type=\"container\">\n\t\t\t\t\t<div class=\"e-con-inner\">\n\t\t\t\t<div class=\"elementor-element elementor-element-42be6cc elementor-widget elementor-widget-text-editor\" data-id=\"42be6cc\" data-element_type=\"widget\" data-e-type=\"widget\" data-widget_type=\"text-editor.default\">\n\t\t\t\t<div class=\"elementor-widget-container\">\n\t\t\t\t\t\t\t\t\t<h3>Szabad id\u0151pontokr\u00f3l telefonon illetve e-mailben lehets\u00e9ges \u00e9rdekl\u0151dni.<\/h3><div class=\"elementor-element elementor-element-394d8d38 elementor-widget elementor-widget-text-editor\" data-id=\"394d8d38\" data-element_type=\"widget\" data-widget_type=\"text-editor.default\"><div class=\"elementor-widget-container\"><p>Telefon: 06\/30-946-7022<\/p><p>E-mail: bp16ugralovar@gmail.com<\/p><\/div><\/div><h4>Foglal\u00e1s mente:<\/h4><p>K\u00e9rem, \u00edrja meg e-mailben melyik l\u00e9gv\u00e1rat szeretn\u00e9 \u00e9s melyik napra\/napokra valamint k\u00fcldje meg a sz\u00e1ml\u00e1z\u00e1si c\u00edm\u00e9t.<br \/>A foglal\u00e1si id\u0151szakra sz\u00f3l\u00f3 b\u00e9rleti d\u00edj fel\u00e9r\u0151l d\u00edjbek\u00e9r\u0151t k\u00fcld\u00fcnk e-mailben, amely banki \u00e1tutal\u00e1ssal, illetve bankk\u00e1rty\u00e1s fizet\u00e9ssel lehets\u00e9ges kiegyenl\u00edteni. Ezut\u00e1n az ugr\u00e1l\u00f3v\u00e1r foglal\u00e1sa r\u00f6gz\u00edt\u00e9sre ker\u00fcl.<\/p><h4>B\u00e9rbead\u00e1skor:<\/h4><p>A b\u00e9rl\u00e9s napj\u00e1n szem\u00e9lyes \u00e1tv\u00e9telkor kit\u00f6lt\u00fcnk egy b\u00e9rbead\u00e1si szerz\u0151d\u00e9st (szem\u00e9lyi igazolv\u00e1ny adati alapj\u00e1n), amely tartalmazza az ugr\u00e1l\u00f3v\u00e1r t\u00edpus\u00e1t \u00e9s tartoz\u00e9kait. Meg\u00e1llapodunk a visszahozatal idej\u00e9ben \u00e9s m\u00f3dj\u00e1ban. Tov\u00e1bb\u00e1 \u00e1tv\u00e9telkor rendezz\u00fck a b\u00e9rleti d\u00edj teljes \u00f6sszeg\u00e9t.<\/p><h4>Lemond\u00e1si felt\u00e9telek:<\/h4><p>Rossz id\u0151, illetve betegs\u00e9g eset\u00e9n a foglal\u00e1s d\u00edjmentesen lemondhat\u00f3, amely esetben a megfizetett foglal\u00e1si \u00f6sszeg visszautal\u00e1sra ker\u00fcl a megadott banksz\u00e1mlasz\u00e1mra. Erre a foglal\u00e1s napj\u00e1t megel\u0151z\u0151 2 nap reggel 8 \u00f3r\u00e1ig van lehet\u0151s\u00e9g.<\/p>\t\t\t\t\t\t\t\t<\/div>\n\t\t\t\t<\/div>\n\t\t\t\t\t<\/div>\n\t\t\t\t<\/div>\n\t\t\t\t<\/div>\n\t\t","protected":false},"excerpt":{"rendered":"<p>Szabad id\u0151pontokr\u00f3l telefonon illetve e-mailben lehets\u00e9ges \u00e9rdekl\u0151dni. Telefon: 06\/30-946-7022 E-mail: bp16ugralovar@gmail.com Foglal\u00e1s mente: K\u00e9rem, \u00edrja meg e-mailben melyik l\u00e9gv\u00e1rat szeretn\u00e9 \u00e9s melyik napra\/napokra valamint k\u00fcldje meg a sz\u00e1ml\u00e1z\u00e1si c\u00edm\u00e9t.A foglal\u00e1si id\u0151szakra sz\u00f3l\u00f3 b\u00e9rleti d\u00edj fel\u00e9r\u0151l d\u00edjbek\u00e9r\u0151t k\u00fcld\u00fcnk e-mailben, amely banki \u00e1tutal\u00e1ssal, illetve bankk\u00e1rty\u00e1s fizet\u00e9ssel lehets\u00e9ges kiegyenl\u00edteni. Ezut\u00e1n az ugr\u00e1l\u00f3v\u00e1r foglal\u00e1sa r\u00f6gz\u00edt\u00e9sre ker\u00fcl. B\u00e9rbead\u00e1skor: A b\u00e9rl\u00e9s [&hellip;]<\/p>\n","protected":false},"author":1,"featured_media":0,"parent":0,"menu_order":0,"comment_status":"closed","ping_status":"closed","template":"","meta":{"footnotes":""},"class_list":["post-48","page","type-page","status-publish","hentry"],"_links":{"self":[{"href":"https:\/\/bp16ugralovar.hu\/index.php?rest_route=\/wp\/v2\/pages\/48","targetHints":{"allow":["GET"]}}],"collection":[{"href":"https:\/\/bp16ugralovar.hu\/index.php?rest_route=\/wp\/v2\/pages"}],"about":[{"href":"https:\/\/bp16ugralovar.hu\/index.php?rest_route=\/wp\/v2\/types\/page"}],"author":[{"embeddable":true,"href":"https:\/\/bp16ugralovar.hu\/index.php?rest_route=\/wp\/v2\/users\/1"}],"replies":[{"embeddable":true,"href":"https:\/\/bp16ugralovar.hu\/index.php?rest_route=%2Fwp%2Fv2%2Fcomments&post=48"}],"version-history":[{"count":22,"href":"https:\/\/bp16ugralovar.hu\/index.php?rest_route=\/wp\/v2\/pages\/48\/revisions"}],"predecessor-version":[{"id":269,"href":"https:\/\/bp16ugralovar.hu\/index.php?rest_route=\/wp\/v2\/pages\/48\/revisions\/269"}],"wp:attachment":[{"href":"https:\/\/bp16ugralovar.hu\/index.php?rest_route=%2Fwp%2Fv2%2Fmedia&parent=48"}],"curies":[{"name":"wp","href":"https:\/\/api.w.org\/{rel}","templated":true}]}}